{"id":3,"date":"2023-05-18T06:13:47","date_gmt":"2023-05-18T06:13:47","guid":{"rendered":"https:\/\/comoencasarentals.com\/?page_id=3"},"modified":"2026-04-10T08:15:40","modified_gmt":"2026-04-10T08:15:40","slug":"privacy-policy","status":"publish","type":"page","link":"https:\/\/comoencasarentals.com\/es\/privacy-policy\/","title":{"rendered":"pol\u00edtica de privacidad"},"content":{"rendered":"<div data-elementor-type=\"wp-page\" data-elementor-id=\"3\" class=\"elementor elementor-3\" data-elementor-post-type=\"page\">\n\t\t\t\t<div class=\"elementor-element elementor-element-61fe3cf e-flex e-con-boxed e-con e-parent\" data-id=\"61fe3cf\" data-element_type=\"container\" data-e-type=\"container\" data-settings=\"{&quot;jet_parallax_layout_list&quot;:[],&quot;background_background&quot;:&quot;classic&quot;}\">\n\t\t\t\t\t<div class=\"e-con-inner\">\n\t\t<div class=\"elementor-element elementor-element-c151b1d e-con-full e-flex e-con e-child\" data-id=\"c151b1d\" data-element_type=\"container\" data-e-type=\"container\" data-settings=\"{&quot;jet_parallax_layout_list&quot;:[]}\">\n\t\t\t\t<div class=\"elementor-element elementor-element-709a51a elementor-widget elementor-widget-heading\" data-id=\"709a51a\" data-element_type=\"widget\" data-e-type=\"widget\" data-widget_type=\"heading.default\">\n\t\t\t\t<div class=\"elementor-widget-container\">\n\t\t\t\t\t<h1 class=\"elementor-heading-title elementor-size-default\">pol\u00edtica de privacidad<\/h1>\t\t\t\t<\/div>\n\t\t\t\t<\/div>\n\t\t\t\t<\/div>\n\t\t\t\t\t<\/div>\n\t\t\t\t<\/div>\n\t\t<div class=\"elementor-element elementor-element-b058e1b e-flex e-con-boxed e-con e-parent\" data-id=\"b058e1b\" data-element_type=\"container\" data-e-type=\"container\" data-settings=\"{&quot;jet_parallax_layout_list&quot;:[],&quot;background_background&quot;:&quot;classic&quot;}\">\n\t\t\t\t\t<div class=\"e-con-inner\">\n\t\t<div class=\"elementor-element elementor-element-88e0197 e-con-full e-flex e-con e-child\" data-id=\"88e0197\" data-element_type=\"container\" data-e-type=\"container\" data-settings=\"{&quot;jet_parallax_layout_list&quot;:[]}\">\n\t\t\t\t<div class=\"elementor-element elementor-element-97ff2d5 elementor-widget elementor-widget-text-editor\" data-id=\"97ff2d5\" data-element_type=\"widget\" data-e-type=\"widget\" data-widget_type=\"text-editor.default\">\n\t\t\t\t<div class=\"elementor-widget-container\">\n\t\t\t\t\t\t\t\t\t<p data-start=\"324\" data-end=\"581\">Su privacidad es importante para nosotros. Esta Pol\u00edtica de Privacidad explica c\u00f3mo recopilamos, usamos, divulgamos y protegemos su informaci\u00f3n personal cuando visita este sitio web o utiliza nuestros servicios, incluyendo la reserva de un alquiler vacacional, el env\u00edo de una consulta o el contacto con nosotros.<\/p><p data-start=\"583\" data-end=\"646\">Al utilizar este sitio, usted acepta las pr\u00e1cticas que se describen a continuaci\u00f3n.<\/p><hr data-start=\"648\" data-end=\"651\" \/><h3 data-start=\"653\" data-end=\"681\">1. Informaci\u00f3n que recopilamos<\/h3><p data-start=\"683\" data-end=\"742\">Podemos recopilar los siguientes tipos de informaci\u00f3n personal:<\/p><ul data-start=\"744\" data-end=\"1159\"><li data-start=\"744\" data-end=\"804\"><p data-start=\"746\" data-end=\"804\"><strong data-start=\"746\" data-end=\"769\">Informaci\u00f3n del contacto<\/strong>Nombre, direcci\u00f3n de correo electr\u00f3nico, n\u00famero de tel\u00e9fono<\/p><\/li><li data-start=\"805\" data-end=\"878\"><p data-start=\"807\" data-end=\"878\"><strong data-start=\"807\" data-end=\"826\">Detalles de la reserva<\/strong>Fechas de la estancia, n\u00famero de hu\u00e9spedes, alojamiento seleccionado<\/p><\/li><li data-start=\"879\" data-end=\"959\"><p data-start=\"881\" data-end=\"959\"><strong data-start=\"881\" data-end=\"904\">Informaci\u00f3n de pago<\/strong>: Recopilado de forma segura a trav\u00e9s de procesadores de pago de terceros.<\/p><\/li><li data-start=\"960\" data-end=\"1036\"><p data-start=\"962\" data-end=\"1036\"><strong data-start=\"962\" data-end=\"983\">Informaci\u00f3n de la cuenta de usuario<\/strong> (si corresponde): Datos de inicio de sesi\u00f3n y preferencias guardadas<\/p><\/li><li data-start=\"1037\" data-end=\"1159\"><p data-start=\"1039\" data-end=\"1159\"><strong data-start=\"1039\" data-end=\"1057\">Datos t\u00e9cnicos<\/strong>: Direcci\u00f3n IP, tipo de navegador, p\u00e1ginas visitadas y tiempo de permanencia en el sitio (mediante cookies o herramientas de an\u00e1lisis).<\/p><\/li><\/ul><hr data-start=\"1161\" data-end=\"1164\" \/><h3 data-start=\"1166\" data-end=\"1199\">2. C\u00f3mo utilizamos su informaci\u00f3n<\/h3><p data-start=\"1201\" data-end=\"1237\">Utilizamos la informaci\u00f3n recopilada para:<\/p><ul data-start=\"1239\" data-end=\"1497\"><li data-start=\"1239\" data-end=\"1290\"><p data-start=\"1241\" data-end=\"1290\">Responder a consultas y brindar soporte al cliente.<\/p><\/li><li data-start=\"1291\" data-end=\"1336\"><p data-start=\"1293\" data-end=\"1336\">Procesar y gestionar reservas o contrataciones.<\/p><\/li><li data-start=\"1337\" data-end=\"1385\"><p data-start=\"1339\" data-end=\"1385\">Comunicar actualizaciones o confirmaciones importantes.<\/p><\/li><li data-start=\"1386\" data-end=\"1435\"><p data-start=\"1388\" data-end=\"1435\">Mejorar el rendimiento del sitio web y la experiencia del usuario.<\/p><\/li><li data-start=\"1436\" data-end=\"1497\"><p data-start=\"1438\" data-end=\"1497\">Enviar correos electr\u00f3nicos promocionales u ofertas (solo si has dado tu consentimiento).<\/p><\/li><\/ul><p data-start=\"1499\" data-end=\"1544\">Nunca venderemos su informaci\u00f3n personal.<\/p><hr data-start=\"1546\" data-end=\"1549\" \/><h3 data-start=\"1551\" data-end=\"1579\">3. Intercambio de informaci\u00f3n<\/h3><p data-start=\"1581\" data-end=\"1656\">Podemos compartir sus datos con terceros \u00fanicamente en las siguientes situaciones:<\/p><ul data-start=\"1658\" data-end=\"1989\"><li data-start=\"1658\" data-end=\"1742\"><p data-start=\"1660\" data-end=\"1742\"><strong data-start=\"1660\" data-end=\"1681\">Proveedores de servicios<\/strong>Para procesar pagos, gestionar reservas o alojar datos de forma segura.<\/p><\/li><li data-start=\"1743\" data-end=\"1856\"><p data-start=\"1745\" data-end=\"1856\"><strong data-start=\"1745\" data-end=\"1767\">Requisitos legales<\/strong>: Cuando sea necesario para cumplir con las leyes aplicables, los procedimientos legales o las solicitudes gubernamentales.<\/p><\/li><li data-start=\"1857\" data-end=\"1989\"><p data-start=\"1859\" data-end=\"1989\"><strong data-start=\"1859\" data-end=\"1880\">Socios de la plataforma<\/strong>Si reservas a trav\u00e9s de un sitio web de terceros (por ejemplo, Airbnb, Vrbo), tus datos tambi\u00e9n estar\u00e1n sujetos a sus pol\u00edticas de privacidad.<\/p><\/li><\/ul><hr data-start=\"1991\" data-end=\"1994\" \/><h3 data-start=\"1996\" data-end=\"2020\">4. Cookies y seguimiento<\/h3><p data-start=\"2022\" data-end=\"2073\">Este sitio utiliza cookies y tecnolog\u00edas similares para:<\/p><ul data-start=\"2075\" data-end=\"2194\"><li data-start=\"2075\" data-end=\"2105\"><p data-start=\"2077\" data-end=\"2105\">Reconocer a los visitantes que regresan<\/p><\/li><li data-start=\"2106\" data-end=\"2133\"><p data-start=\"2108\" data-end=\"2133\">Recuerda tus preferencias<\/p><\/li><li data-start=\"2134\" data-end=\"2194\"><p data-start=\"2136\" data-end=\"2194\">Mide el tr\u00e1fico y los patrones de uso mediante herramientas anal\u00edticas.<\/p><\/li><\/ul><p data-start=\"2196\" data-end=\"2256\">Puedes gestionar tus preferencias de cookies a trav\u00e9s de la configuraci\u00f3n de tu navegador.<\/p><hr data-start=\"2258\" data-end=\"2261\" \/><h3 data-start=\"2263\" data-end=\"2282\">5. Seguridad de los datos<\/h3><p data-start=\"2284\" data-end=\"2471\">Implementamos medidas de seguridad razonables para proteger sus datos contra el acceso, uso o divulgaci\u00f3n no autorizados. Esto incluye el procesamiento seguro de pagos y la limitaci\u00f3n del acceso a informaci\u00f3n confidencial.<\/p><p data-start=\"2473\" data-end=\"2583\">Sin embargo, ning\u00fan m\u00e9todo de transmisi\u00f3n o almacenamiento por Internet es 100% seguro, y no podemos garantizar la seguridad absoluta.<\/p><hr data-start=\"2585\" data-end=\"2588\" \/><h3 data-start=\"2590\" data-end=\"2607\">6. Sus derechos<\/h3><p data-start=\"2609\" data-end=\"2631\">Usted tiene derecho a:<\/p><ul data-start=\"2633\" data-end=\"2823\"><li data-start=\"2633\" data-end=\"2678\"><p data-start=\"2635\" data-end=\"2678\">Solicitar acceso a su informaci\u00f3n personal<\/p><\/li><li data-start=\"2679\" data-end=\"2719\"><p data-start=\"2681\" data-end=\"2719\">Solicitar correcciones a los datos inexactos<\/p><\/li><li data-start=\"2720\" data-end=\"2766\"><p data-start=\"2722\" data-end=\"2766\">Retirar el consentimiento para recibir comunicaciones de marketing.<\/p><\/li><li data-start=\"2767\" data-end=\"2823\"><p data-start=\"2769\" data-end=\"2823\">Solicite la eliminaci\u00f3n de sus datos, cuando est\u00e9 permitido por la ley.<\/p><\/li><\/ul><p data-start=\"2825\" data-end=\"2892\">Para ejercer estos derechos, utilice el formulario de contacto de este sitio web.<\/p><hr data-start=\"2894\" data-end=\"2897\" \/><h3 data-start=\"2899\" data-end=\"2922\">7. Enlaces de terceros<\/h3><p data-start=\"2924\" data-end=\"3112\">Este sitio puede contener enlaces a sitios web de terceros. No nos hacemos responsables de las pr\u00e1cticas de privacidad ni del contenido de dichos sitios. Recomendamos revisar sus pol\u00edticas de privacidad individualmente.<\/p><hr data-start=\"3114\" data-end=\"3117\" \/><h3 data-start=\"3119\" data-end=\"3143\">8. Privacidad de los ni\u00f1os<\/h3><p data-start=\"3145\" data-end=\"3377\">Este sitio web no est\u00e1 dirigido a menores de 18 a\u00f1os. No recopilamos datos personales de menores de edad de forma intencionada. Si descubrimos que hemos recopilado datos de un menor sin su consentimiento, tomaremos las medidas necesarias para eliminarlos.<\/p><hr data-start=\"3379\" data-end=\"3382\" \/><h3 data-start=\"3384\" data-end=\"3412\">9. Cambios a esta pol\u00edtica<\/h3><p data-start=\"3414\" data-end=\"3602\">Es posible que actualicemos esta Pol\u00edtica de Privacidad peri\u00f3dicamente. Los cambios se publicar\u00e1n en esta p\u00e1gina con la fecha de revisi\u00f3n actualizada. El uso continuado del sitio implica la aceptaci\u00f3n de dichas modificaciones.<\/p><hr data-start=\"3604\" data-end=\"3607\" \/><h3 data-start=\"3609\" data-end=\"3637\">10. Preguntas o inquietudes<\/h3><p data-start=\"3639\" data-end=\"3741\">Si tiene alguna pregunta sobre esta Pol\u00edtica de Privacidad, p\u00f3ngase en contacto con nosotros.<\/p>\t\t\t\t\t\t\t\t<\/div>\n\t\t\t\t<\/div>\n\t\t\t\t<\/div>\n\t\t\t\t\t<\/div>\n\t\t\t\t<\/div>\n\t\t\t\t<\/div>","protected":false},"excerpt":{"rendered":"<p>Your privacy is important to us. This Privacy Policy explains how we collect, use, disclose, and protect your personal information when you visit this website or use our services, including booking a vacation rental, submitting an inquiry, or contacting us. By using this site, you agree to the practices described below. 1. Information We Collect [&hellip;]<\/p>\n","protected":false},"author":2,"featured_media":0,"parent":0,"menu_order":0,"comment_status":"closed","ping_status":"open","template":"","meta":{"_acf_changed":false,"footnotes":""},"class_list":["post-3","page","type-page","status-publish","hentry"],"acf":[],"_links":{"self":[{"href":"https:\/\/comoencasarentals.com\/es\/wp-json\/wp\/v2\/pages\/3","targetHints":{"allow":["GET"]}}],"collection":[{"href":"https:\/\/comoencasarentals.com\/es\/wp-json\/wp\/v2\/pages"}],"about":[{"href":"https:\/\/comoencasarentals.com\/es\/wp-json\/wp\/v2\/types\/page"}],"author":[{"embeddable":true,"href":"https:\/\/comoencasarentals.com\/es\/wp-json\/wp\/v2\/users\/2"}],"replies":[{"embeddable":true,"href":"https:\/\/comoencasarentals.com\/es\/wp-json\/wp\/v2\/comments?post=3"}],"version-history":[{"count":9,"href":"https:\/\/comoencasarentals.com\/es\/wp-json\/wp\/v2\/pages\/3\/revisions"}],"predecessor-version":[{"id":199137,"href":"https:\/\/comoencasarentals.com\/es\/wp-json\/wp\/v2\/pages\/3\/revisions\/199137"}],"wp:attachment":[{"href":"https:\/\/comoencasarentals.com\/es\/wp-json\/wp\/v2\/media?parent=3"}],"curies":[{"name":"wp","href":"https:\/\/api.w.org\/{rel}","templated":true}]}}